{"id":9,"date":"2014-03-27T16:52:40","date_gmt":"2014-03-27T14:52:40","guid":{"rendered":"http:\/\/www.hundefreunde.at\/?page_id=9"},"modified":"2014-03-27T18:48:11","modified_gmt":"2014-03-27T16:48:11","slug":"team","status":"publish","type":"page","link":"http:\/\/www.hundefreunde.at\/?page_id=9","title":{"rendered":"\u00dcber uns"},"content":{"rendered":"<p style=\"text-align: left;\">Der Verein der Hundefreunde geh\u00f6rt der gro\u00dfen Gemeinschaft der im \u00d6sterreichischen Kynologenverband (\u00d6KV) vereinigten Rassehundezucht- und Abrichtevereine an.<\/p>\n<p style=\"text-align: left;\">Wir sind ein nicht auf Gewinn ausgerichteter Verein, der sich mit der Schulung aller Hunderassen befasst. Dies beinhaltet haupts\u00e4chlich die richtige Kommunikation zwischen Mensch und Hund und das Erlernen des artgerechten Umganges mit dem Hund.<\/p>\n<p style=\"text-align: left;\">Die Hunde sollen zu verkehrssicheren und gehorsamen Familienmitgliedern erzogen werden. Die Kleinsten werden in Spielgruppen sozialisiert. Anschlie\u00dfend werden ihnen in der Grundausbildung die wichtigsten Kommandos beigebracht. Dar\u00fcber hinaus werden auch Fortgeschrittenenkurse angeboten, in denen sowohl Hund als auch Halter umfangreichere Kommandos erlernen k\u00f6nnen.<\/p>\n<p style=\"text-align: left;\">Wir bieten auch die M\u00f6glichkeit Breitensport zu erlernen und auszu\u00fcben. Regelm\u00e4\u00dfig finden in unserer Hundeschule Begleithundepr\u00fcfungen aller Klassen statt.<\/p>\n<p style=\"text-align: left;\">Dar\u00fcber hinaus werden alle ihre pers\u00f6nlichen Fragen und Probleme rund um den Hund jederzeit gerne von uns beantwortet.<\/p>\n<p style=\"text-align: left;\">Alle unsere Funktion\u00e4re und Trainer sind ehrenamtlich t\u00e4tig.<\/p>\n","protected":false},"excerpt":{"rendered":"<p>Der Verein der Hundefreunde geh\u00f6rt der gro\u00dfen Gemeinschaft der im \u00d6sterreichischen Kynologenverband (\u00d6KV) vereinigten Rassehundezucht- und Abrichtevereine an. Wir sind ein nicht auf Gewinn ausgerichteter Verein, der sich mit der Schulung aller Hunderassen befasst. Dies beinhaltet haupts\u00e4chlich die richtige Kommunikation &hellip; <a class=\"more-link\" href=\"http:\/\/www.hundefreunde.at\/?page_id=9\">[CLICK TO READ MORE]<\/a><\/p>\n","protected":false},"author":1,"featured_media":0,"parent":0,"menu_order":0,"comment_status":"closed","ping_status":"closed","template":"","meta":{"footnotes":""},"class_list":["post-9","page","type-page","status-publish","hentry"],"_links":{"self":[{"href":"http:\/\/www.hundefreunde.at\/index.php?rest_route=\/wp\/v2\/pages\/9","targetHints":{"allow":["GET"]}}],"collection":[{"href":"http:\/\/www.hundefreunde.at\/index.php?rest_route=\/wp\/v2\/pages"}],"about":[{"href":"http:\/\/www.hundefreunde.at\/index.php?rest_route=\/wp\/v2\/types\/page"}],"author":[{"embeddable":true,"href":"http:\/\/www.hundefreunde.at\/index.php?rest_route=\/wp\/v2\/users\/1"}],"replies":[{"embeddable":true,"href":"http:\/\/www.hundefreunde.at\/index.php?rest_route=%2Fwp%2Fv2%2Fcomments&post=9"}],"version-history":[{"count":3,"href":"http:\/\/www.hundefreunde.at\/index.php?rest_route=\/wp\/v2\/pages\/9\/revisions"}],"predecessor-version":[{"id":30,"href":"http:\/\/www.hundefreunde.at\/index.php?rest_route=\/wp\/v2\/pages\/9\/revisions\/30"}],"wp:attachment":[{"href":"http:\/\/www.hundefreunde.at\/index.php?rest_route=%2Fwp%2Fv2%2Fmedia&parent=9"}],"curies":[{"name":"wp","href":"https:\/\/api.w.org\/{rel}","templated":true}]}}